{"id":44,"date":"2025-01-30T09:15:39","date_gmt":"2025-01-30T12:15:39","guid":{"rendered":"https:\/\/arlsguardioesdaamizade.com.br\/?page_id=44"},"modified":"2025-01-30T09:15:39","modified_gmt":"2025-01-30T12:15:39","slug":"objetivo","status":"publish","type":"page","link":"https:\/\/arlsguardioesdaamizade.com.br\/?page_id=44","title":{"rendered":"Objetivo"},"content":{"rendered":"\n<p>\u201cManter-se&nbsp; foco de converg\u00eancia&nbsp; da&nbsp; uni\u00e3o final&nbsp; de&nbsp; almas&nbsp; reverentes&nbsp; e&nbsp; abnegadas,&nbsp; para a permanente&nbsp; e&nbsp; din\u00e2mica&nbsp; investiga\u00e7\u00e3o&nbsp; da&nbsp; Verdade\u201d.<\/p>\n\n\n\n<p>\u201cA cren\u00e7a na Paternidade de Deus&nbsp; e&nbsp; na demanda de seu&nbsp; aux\u00edlio,&nbsp; para&nbsp; sair-se&nbsp; em&nbsp; busca&nbsp; da Virtude,&nbsp; da&nbsp; Verdade&nbsp; e&nbsp; da&nbsp; Felicidade (esta&nbsp; traduzida&nbsp; por&nbsp; paz,&nbsp; bem-estar&nbsp; e&nbsp; fraternidade),&nbsp; via&nbsp; Inicia\u00e7\u00e3o\u201d.<\/p>\n","protected":false},"excerpt":{"rendered":"<p class=\"qua-blog-post-description\">\u201cManter-se&nbsp; foco de converg\u00eancia&nbsp; da&nbsp; uni\u00e3o final&nbsp; de&nbsp; almas&nbsp; reverentes&nbsp; e&nbsp; abnegadas,&nbsp; para a permanente&nbsp; e&nbsp; din\u00e2mica&nbsp; investiga\u00e7\u00e3o&nbsp; da&nbsp; Verdade\u201d. \u201cA cren\u00e7a na Paternidade de Deus&nbsp; e&nbsp; na demanda de seu&nbsp; aux\u00edlio,&nbsp; para&nbsp; sair-se&nbsp; em&nbsp; busca&nbsp; da Virtude,&nbsp; da&nbsp; Verdade&nbsp; e&nbsp; da&nbsp; Felicidade (esta&nbsp; traduzida&nbsp; por&nbsp; paz,&nbsp; bem-estar&nbsp; e&nbsp; fraternidade),&nbsp; via&nbsp; Inicia\u00e7\u00e3o\u201d.<\/p>\n","protected":false},"author":1,"featured_media":0,"parent":0,"menu_order":0,"comment_status":"closed","ping_status":"closed","template":"","meta":{"footnotes":""},"class_list":["post-44","page","type-page","status-publish","hentry"],"_links":{"self":[{"href":"https:\/\/arlsguardioesdaamizade.com.br\/index.php?rest_route=\/wp\/v2\/pages\/44","targetHints":{"allow":["GET"]}}],"collection":[{"href":"https:\/\/arlsguardioesdaamizade.com.br\/index.php?rest_route=\/wp\/v2\/pages"}],"about":[{"href":"https:\/\/arlsguardioesdaamizade.com.br\/index.php?rest_route=\/wp\/v2\/types\/page"}],"author":[{"embeddable":true,"href":"https:\/\/arlsguardioesdaamizade.com.br\/index.php?rest_route=\/wp\/v2\/users\/1"}],"replies":[{"embeddable":true,"href":"https:\/\/arlsguardioesdaamizade.com.br\/index.php?rest_route=%2Fwp%2Fv2%2Fcomments&post=44"}],"version-history":[{"count":1,"href":"https:\/\/arlsguardioesdaamizade.com.br\/index.php?rest_route=\/wp\/v2\/pages\/44\/revisions"}],"predecessor-version":[{"id":46,"href":"https:\/\/arlsguardioesdaamizade.com.br\/index.php?rest_route=\/wp\/v2\/pages\/44\/revisions\/46"}],"wp:attachment":[{"href":"https:\/\/arlsguardioesdaamizade.com.br\/index.php?rest_route=%2Fwp%2Fv2%2Fmedia&parent=44"}],"curies":[{"name":"wp","href":"https:\/\/api.w.org\/{rel}","templated":true}]}}