{"id":35,"date":"2025-01-30T09:13:18","date_gmt":"2025-01-30T12:13:18","guid":{"rendered":"https:\/\/arlsguardioesdaamizade.com.br\/?page_id=35"},"modified":"2025-01-30T09:13:18","modified_gmt":"2025-01-30T12:13:18","slug":"blog","status":"publish","type":"page","link":"https:\/\/arlsguardioesdaamizade.com.br\/?page_id=35","title":{"rendered":"BLOG"},"content":{"rendered":"\n<p>Acompanhe as a\u00e7\u00f5es e atividades da nossa Loja ARLS Guardi\u00f5es da Amizade, n\u00ba 4467, Oriente de Cuiab\u00e1, jurisdicionada ao GOB Mato Grosso.<\/p>\n","protected":false},"excerpt":{"rendered":"<p class=\"qua-blog-post-description\">Acompanhe as a\u00e7\u00f5es e atividades da nossa Loja ARLS Guardi\u00f5es da Amizade, n\u00ba 4467, Oriente de Cuiab\u00e1, jurisdicionada ao GOB Mato Grosso.<\/p>\n","protected":false},"author":1,"featured_media":0,"parent":0,"menu_order":0,"comment_status":"closed","ping_status":"closed","template":"","meta":{"footnotes":""},"class_list":["post-35","page","type-page","status-publish","hentry"],"_links":{"self":[{"href":"https:\/\/arlsguardioesdaamizade.com.br\/index.php?rest_route=\/wp\/v2\/pages\/35","targetHints":{"allow":["GET"]}}],"collection":[{"href":"https:\/\/arlsguardioesdaamizade.com.br\/index.php?rest_route=\/wp\/v2\/pages"}],"about":[{"href":"https:\/\/arlsguardioesdaamizade.com.br\/index.php?rest_route=\/wp\/v2\/types\/page"}],"author":[{"embeddable":true,"href":"https:\/\/arlsguardioesdaamizade.com.br\/index.php?rest_route=\/wp\/v2\/users\/1"}],"replies":[{"embeddable":true,"href":"https:\/\/arlsguardioesdaamizade.com.br\/index.php?rest_route=%2Fwp%2Fv2%2Fcomments&post=35"}],"version-history":[{"count":1,"href":"https:\/\/arlsguardioesdaamizade.com.br\/index.php?rest_route=\/wp\/v2\/pages\/35\/revisions"}],"predecessor-version":[{"id":37,"href":"https:\/\/arlsguardioesdaamizade.com.br\/index.php?rest_route=\/wp\/v2\/pages\/35\/revisions\/37"}],"wp:attachment":[{"href":"https:\/\/arlsguardioesdaamizade.com.br\/index.php?rest_route=%2Fwp%2Fv2%2Fmedia&parent=35"}],"curies":[{"name":"wp","href":"https:\/\/api.w.org\/{rel}","templated":true}]}}