{"id":29,"date":"2025-01-30T09:10:12","date_gmt":"2025-01-30T12:10:12","guid":{"rendered":"https:\/\/arlsguardioesdaamizade.com.br\/?page_id=29"},"modified":"2025-01-30T09:10:12","modified_gmt":"2025-01-30T12:10:12","slug":"maconaria","status":"publish","type":"page","link":"https:\/\/arlsguardioesdaamizade.com.br\/?page_id=29","title":{"rendered":"MA\u00c7ONARIA"},"content":{"rendered":"\n<p>Escolha um sub-menu e descubra o que \u00e9 esta centen\u00e1ria associa\u00e7\u00e3o de homens livres e de bons costumes.<\/p>\n","protected":false},"excerpt":{"rendered":"<p class=\"qua-blog-post-description\">Escolha um sub-menu e descubra o que \u00e9 esta centen\u00e1ria associa\u00e7\u00e3o de homens livres e de bons costumes.<\/p>\n","protected":false},"author":1,"featured_media":0,"parent":0,"menu_order":0,"comment_status":"closed","ping_status":"closed","template":"","meta":{"footnotes":""},"class_list":["post-29","page","type-page","status-publish","hentry"],"_links":{"self":[{"href":"https:\/\/arlsguardioesdaamizade.com.br\/index.php?rest_route=\/wp\/v2\/pages\/29","targetHints":{"allow":["GET"]}}],"collection":[{"href":"https:\/\/arlsguardioesdaamizade.com.br\/index.php?rest_route=\/wp\/v2\/pages"}],"about":[{"href":"https:\/\/arlsguardioesdaamizade.com.br\/index.php?rest_route=\/wp\/v2\/types\/page"}],"author":[{"embeddable":true,"href":"https:\/\/arlsguardioesdaamizade.com.br\/index.php?rest_route=\/wp\/v2\/users\/1"}],"replies":[{"embeddable":true,"href":"https:\/\/arlsguardioesdaamizade.com.br\/index.php?rest_route=%2Fwp%2Fv2%2Fcomments&post=29"}],"version-history":[{"count":1,"href":"https:\/\/arlsguardioesdaamizade.com.br\/index.php?rest_route=\/wp\/v2\/pages\/29\/revisions"}],"predecessor-version":[{"id":31,"href":"https:\/\/arlsguardioesdaamizade.com.br\/index.php?rest_route=\/wp\/v2\/pages\/29\/revisions\/31"}],"wp:attachment":[{"href":"https:\/\/arlsguardioesdaamizade.com.br\/index.php?rest_route=%2Fwp%2Fv2%2Fmedia&parent=29"}],"curies":[{"name":"wp","href":"https:\/\/api.w.org\/{rel}","templated":true}]}}